{"id":362,"date":"2025-12-01T17:04:15","date_gmt":"2025-12-01T17:04:15","guid":{"rendered":"https:\/\/3im.dk\/?post_type=product&#038;p=362"},"modified":"2026-04-12T13:37:08","modified_gmt":"2026-04-12T13:37:08","slug":"pla-silk-guld","status":"publish","type":"product","link":"https:\/\/3im.dk\/index.php\/vare\/pla-silk-guld\/","title":{"rendered":"Pla silk+ Guld"},"content":{"rendered":"<p><strong><span dir=\"auto\">Produktfunktioner<\/span><\/strong><\/p>\n<ul>\n<li><span dir=\"auto\">Skinnende som krom, glat som silke<\/span><\/li>\n<li><span class=\"text-only\" data-eleid=\"3\"><span dir=\"auto\">Forbedret lagvedh\u00e6ftning<\/span><\/span><\/li>\n<li><span dir=\"auto\">Et spektrum af farver<\/span><\/li>\n<li><span dir=\"auto\">Ubesv\u00e6ret udskrivning, fejlfri resultater<\/span><\/li>\n<li><span dir=\"auto\">Leveres med en grundl\u00e6ggende genanvendelig spole<\/span><\/li>\n<li><span dir=\"auto\">Diameter: 1,75 mm +\/- 0,03 mm<\/span><\/li>\n<\/ul>\n<p><strong><span dir=\"auto\">Forholdsregler ved brug<\/span><\/strong><\/p>\n<ul>\n<li><span dir=\"auto\">S\u00e6nk yderv\u00e6ghastigheden til 50 mm\/s for at opn\u00e5 den bedste glans<\/span><\/li>\n<li><span dir=\"auto\">T\u00f8r ud f\u00f8r brug<\/span><\/li>\n<li><span dir=\"auto\">AMS &amp; AMS lite kompatibel<\/span><\/li>\n<\/ul>\n","protected":false},"excerpt":{"rendered":"<p>Produktfunktioner Skinnende som krom, glat som silke Forbedret lagvedh\u00e6ftning Et spektrum af farver Ubesv\u00e6ret udskrivning, fejlfri resultater Leveres med en grundl\u00e6ggende genanvendelig spole Diameter: 1,75 mm +\/- 0,03 mm Forholdsregler ved brug S\u00e6nk yderv\u00e6ghastigheden til 50 mm\/s for at opn\u00e5 den bedste glans T\u00f8r ud f\u00f8r brug AMS &amp; AMS lite kompatibel<\/p>\n","protected":false},"featured_media":355,"template":"","meta":[],"product_brand":[18],"product_cat":[27],"product_tag":[],"class_list":{"0":"post-362","1":"product","2":"type-product","3":"status-publish","4":"has-post-thumbnail","6":"product_brand-bambulab","7":"product_cat-pla-silk-spole","9":"first","10":"instock","11":"taxable","12":"shipping-taxable","13":"purchasable","14":"product-type-simple"},"yoast_head":"<!-- This site is optimized with the Yoast SEO plugin v27.1.1 - https:\/\/yoast.com\/product\/yoast-seo-wordpress\/ -->\n<title>Pla silk+ Guld - 3IM<\/title>\n<meta name=\"robots\" content=\"index, follow, max-snippet:-1, max-image-preview:large, max-video-preview:-1\" \/>\n<link rel=\"canonical\" href=\"https:\/\/3im.dk\/index.php\/vare\/pla-silk-guld\/\" \/>\n<meta property=\"og:locale\" content=\"da_DK\" \/>\n<meta property=\"og:type\" content=\"article\" \/>\n<meta property=\"og:title\" content=\"Pla silk+ Guld - 3IM\" \/>\n<meta property=\"og:description\" content=\"Produktfunktioner Skinnende som krom, glat som silke Forbedret lagvedh\u00e6ftning Et spektrum af farver Ubesv\u00e6ret udskrivning, fejlfri resultater Leveres med en grundl\u00e6ggende genanvendelig spole Diameter: 1,75 mm +\/- 0,03 mm Forholdsregler ved brug S\u00e6nk yderv\u00e6ghastigheden til 50 mm\/s for at opn\u00e5 den bedste glans T\u00f8r ud f\u00f8r brug AMS &amp; AMS lite kompatibel\" \/>\n<meta property=\"og:url\" content=\"https:\/\/3im.dk\/index.php\/vare\/pla-silk-guld\/\" \/>\n<meta property=\"og:site_name\" content=\"3IM\" \/>\n<meta property=\"article:modified_time\" content=\"2026-04-12T13:37:08+00:00\" \/>\n<meta property=\"og:image\" content=\"https:\/\/3im.dk\/wp-content\/uploads\/2025\/12\/PLA_Silk_gul.webp\" \/>\n\t<meta property=\"og:image:width\" content=\"700\" \/>\n\t<meta property=\"og:image:height\" content=\"700\" \/>\n\t<meta property=\"og:image:type\" content=\"image\/webp\" \/>\n<meta name=\"twitter:card\" content=\"summary_large_image\" \/>\n<meta name=\"twitter:label1\" content=\"Estimeret l\u00e6setid\" \/>\n\t<meta name=\"twitter:data1\" content=\"1 minut\" \/>\n<script type=\"application\/ld+json\" class=\"yoast-schema-graph\">{\"@context\":\"https:\/\/schema.org\",\"@graph\":[{\"@type\":\"WebPage\",\"@id\":\"https:\/\/3im.dk\/index.php\/vare\/pla-silk-guld\/\",\"url\":\"https:\/\/3im.dk\/index.php\/vare\/pla-silk-guld\/\",\"name\":\"Pla silk+ Guld - 3IM\",\"isPartOf\":{\"@id\":\"https:\/\/3im.dk\/#website\"},\"primaryImageOfPage\":{\"@id\":\"https:\/\/3im.dk\/index.php\/vare\/pla-silk-guld\/#primaryimage\"},\"image\":{\"@id\":\"https:\/\/3im.dk\/index.php\/vare\/pla-silk-guld\/#primaryimage\"},\"thumbnailUrl\":\"https:\/\/3im.dk\/wp-content\/uploads\/2025\/12\/PLA_Silk_gul.webp\",\"datePublished\":\"2025-12-01T17:04:15+00:00\",\"dateModified\":\"2026-04-12T13:37:08+00:00\",\"breadcrumb\":{\"@id\":\"https:\/\/3im.dk\/index.php\/vare\/pla-silk-guld\/#breadcrumb\"},\"inLanguage\":\"da-DK\",\"potentialAction\":[{\"@type\":\"ReadAction\",\"target\":[\"https:\/\/3im.dk\/index.php\/vare\/pla-silk-guld\/\"]}]},{\"@type\":\"ImageObject\",\"inLanguage\":\"da-DK\",\"@id\":\"https:\/\/3im.dk\/index.php\/vare\/pla-silk-guld\/#primaryimage\",\"url\":\"https:\/\/3im.dk\/wp-content\/uploads\/2025\/12\/PLA_Silk_gul.webp\",\"contentUrl\":\"https:\/\/3im.dk\/wp-content\/uploads\/2025\/12\/PLA_Silk_gul.webp\",\"width\":700,\"height\":700},{\"@type\":\"BreadcrumbList\",\"@id\":\"https:\/\/3im.dk\/index.php\/vare\/pla-silk-guld\/#breadcrumb\",\"itemListElement\":[{\"@type\":\"ListItem\",\"position\":1,\"name\":\"Hjem\",\"item\":\"https:\/\/3im.dk\/\"},{\"@type\":\"ListItem\",\"position\":2,\"name\":\"WebShop\",\"item\":\"https:\/\/3im.dk\/\"},{\"@type\":\"ListItem\",\"position\":3,\"name\":\"Pla silk+ Guld\"}]},{\"@type\":\"WebSite\",\"@id\":\"https:\/\/3im.dk\/#website\",\"url\":\"https:\/\/3im.dk\/\",\"name\":\"3IM\",\"description\":\"Cvr. 30676483\",\"publisher\":{\"@id\":\"https:\/\/3im.dk\/#organization\"},\"potentialAction\":[{\"@type\":\"SearchAction\",\"target\":{\"@type\":\"EntryPoint\",\"urlTemplate\":\"https:\/\/3im.dk\/?s={search_term_string}\"},\"query-input\":{\"@type\":\"PropertyValueSpecification\",\"valueRequired\":true,\"valueName\":\"search_term_string\"}}],\"inLanguage\":\"da-DK\"},{\"@type\":\"Organization\",\"@id\":\"https:\/\/3im.dk\/#organization\",\"name\":\"3IM\",\"url\":\"https:\/\/3im.dk\/\",\"logo\":{\"@type\":\"ImageObject\",\"inLanguage\":\"da-DK\",\"@id\":\"https:\/\/3im.dk\/#\/schema\/logo\/image\/\",\"url\":\"https:\/\/3im.dk\/wp-content\/uploads\/2025\/07\/3IM-ok-1-scaled.jpg\",\"contentUrl\":\"https:\/\/3im.dk\/wp-content\/uploads\/2025\/07\/3IM-ok-1-scaled.jpg\",\"width\":2560,\"height\":980,\"caption\":\"3IM\"},\"image\":{\"@id\":\"https:\/\/3im.dk\/#\/schema\/logo\/image\/\"}}]}<\/script>\n<!-- \/ Yoast SEO plugin. -->","yoast_head_json":{"title":"Pla silk+ Guld - 3IM","robots":{"index":"index","follow":"follow","max-snippet":"max-snippet:-1","max-image-preview":"max-image-preview:large","max-video-preview":"max-video-preview:-1"},"canonical":"https:\/\/3im.dk\/index.php\/vare\/pla-silk-guld\/","og_locale":"da_DK","og_type":"article","og_title":"Pla silk+ Guld - 3IM","og_description":"Produktfunktioner Skinnende som krom, glat som silke Forbedret lagvedh\u00e6ftning Et spektrum af farver Ubesv\u00e6ret udskrivning, fejlfri resultater Leveres med en grundl\u00e6ggende genanvendelig spole Diameter: 1,75 mm +\/- 0,03 mm Forholdsregler ved brug S\u00e6nk yderv\u00e6ghastigheden til 50 mm\/s for at opn\u00e5 den bedste glans T\u00f8r ud f\u00f8r brug AMS &amp; AMS lite kompatibel","og_url":"https:\/\/3im.dk\/index.php\/vare\/pla-silk-guld\/","og_site_name":"3IM","article_modified_time":"2026-04-12T13:37:08+00:00","og_image":[{"width":700,"height":700,"url":"https:\/\/3im.dk\/wp-content\/uploads\/2025\/12\/PLA_Silk_gul.webp","type":"image\/webp"}],"twitter_card":"summary_large_image","twitter_misc":{"Estimeret l\u00e6setid":"1 minut"},"schema":{"@context":"https:\/\/schema.org","@graph":[{"@type":"WebPage","@id":"https:\/\/3im.dk\/index.php\/vare\/pla-silk-guld\/","url":"https:\/\/3im.dk\/index.php\/vare\/pla-silk-guld\/","name":"Pla silk+ Guld - 3IM","isPartOf":{"@id":"https:\/\/3im.dk\/#website"},"primaryImageOfPage":{"@id":"https:\/\/3im.dk\/index.php\/vare\/pla-silk-guld\/#primaryimage"},"image":{"@id":"https:\/\/3im.dk\/index.php\/vare\/pla-silk-guld\/#primaryimage"},"thumbnailUrl":"https:\/\/3im.dk\/wp-content\/uploads\/2025\/12\/PLA_Silk_gul.webp","datePublished":"2025-12-01T17:04:15+00:00","dateModified":"2026-04-12T13:37:08+00:00","breadcrumb":{"@id":"https:\/\/3im.dk\/index.php\/vare\/pla-silk-guld\/#breadcrumb"},"inLanguage":"da-DK","potentialAction":[{"@type":"ReadAction","target":["https:\/\/3im.dk\/index.php\/vare\/pla-silk-guld\/"]}]},{"@type":"ImageObject","inLanguage":"da-DK","@id":"https:\/\/3im.dk\/index.php\/vare\/pla-silk-guld\/#primaryimage","url":"https:\/\/3im.dk\/wp-content\/uploads\/2025\/12\/PLA_Silk_gul.webp","contentUrl":"https:\/\/3im.dk\/wp-content\/uploads\/2025\/12\/PLA_Silk_gul.webp","width":700,"height":700},{"@type":"BreadcrumbList","@id":"https:\/\/3im.dk\/index.php\/vare\/pla-silk-guld\/#breadcrumb","itemListElement":[{"@type":"ListItem","position":1,"name":"Hjem","item":"https:\/\/3im.dk\/"},{"@type":"ListItem","position":2,"name":"WebShop","item":"https:\/\/3im.dk\/"},{"@type":"ListItem","position":3,"name":"Pla silk+ Guld"}]},{"@type":"WebSite","@id":"https:\/\/3im.dk\/#website","url":"https:\/\/3im.dk\/","name":"3IM","description":"Cvr. 30676483","publisher":{"@id":"https:\/\/3im.dk\/#organization"},"potentialAction":[{"@type":"SearchAction","target":{"@type":"EntryPoint","urlTemplate":"https:\/\/3im.dk\/?s={search_term_string}"},"query-input":{"@type":"PropertyValueSpecification","valueRequired":true,"valueName":"search_term_string"}}],"inLanguage":"da-DK"},{"@type":"Organization","@id":"https:\/\/3im.dk\/#organization","name":"3IM","url":"https:\/\/3im.dk\/","logo":{"@type":"ImageObject","inLanguage":"da-DK","@id":"https:\/\/3im.dk\/#\/schema\/logo\/image\/","url":"https:\/\/3im.dk\/wp-content\/uploads\/2025\/07\/3IM-ok-1-scaled.jpg","contentUrl":"https:\/\/3im.dk\/wp-content\/uploads\/2025\/07\/3IM-ok-1-scaled.jpg","width":2560,"height":980,"caption":"3IM"},"image":{"@id":"https:\/\/3im.dk\/#\/schema\/logo\/image\/"}}]}},"jetpack_sharing_enabled":true,"_links":{"self":[{"href":"https:\/\/3im.dk\/index.php\/wp-json\/wp\/v2\/product\/362","targetHints":{"allow":["GET"]}}],"collection":[{"href":"https:\/\/3im.dk\/index.php\/wp-json\/wp\/v2\/product"}],"about":[{"href":"https:\/\/3im.dk\/index.php\/wp-json\/wp\/v2\/types\/product"}],"wp:featuredmedia":[{"embeddable":true,"href":"https:\/\/3im.dk\/index.php\/wp-json\/wp\/v2\/media\/355"}],"wp:attachment":[{"href":"https:\/\/3im.dk\/index.php\/wp-json\/wp\/v2\/media?parent=362"}],"wp:term":[{"taxonomy":"product_brand","embeddable":true,"href":"https:\/\/3im.dk\/index.php\/wp-json\/wp\/v2\/product_brand?post=362"},{"taxonomy":"product_cat","embeddable":true,"href":"https:\/\/3im.dk\/index.php\/wp-json\/wp\/v2\/product_cat?post=362"},{"taxonomy":"product_tag","embeddable":true,"href":"https:\/\/3im.dk\/index.php\/wp-json\/wp\/v2\/product_tag?post=362"}],"curies":[{"name":"wp","href":"https:\/\/api.w.org\/{rel}","templated":true}]}}