{"id":353,"date":"2025-12-01T16:29:57","date_gmt":"2025-12-01T16:29:57","guid":{"rendered":"https:\/\/3im.dk\/?post_type=product&#038;p=353"},"modified":"2025-12-01T16:37:30","modified_gmt":"2025-12-01T16:37:30","slug":"pteg-hf-roed","status":"publish","type":"product","link":"https:\/\/3im.dk\/index.php\/vare\/pteg-hf-roed\/","title":{"rendered":"Pteg hf R\u00f8d"},"content":{"rendered":"<pre id=\"tw-target-text\" class=\"tw-data-text tw-text-large tw-ta\" dir=\"ltr\" data-placeholder=\"Overs\u00e6ttelse\" data-ved=\"2ahUKEwinrevy2OOOAxVlLBAIHUg-B4gQ3ewLegQICRAW\" aria-label=\"Oversat tekst: Produktegenskaber Designet til hastighed Udskriv fejlfrit med minimal finjustering Glatte, bl\u00f8de teksturer Klar til udend\u00f8rs brug Diameter: 1,75 mm +\/- 0,03 mm Forholdsregler ved brug Kompatibel med AMS og AMS lite T\u00f8r f\u00f8r brug\"><span class=\"Y2IQFc\" lang=\"da\">Designet til \u00f8get hastighed\r\nGlatte, bl\u00f8de teksturer\r\nKlar til udend\u00f8rs brug\r\nDiameter: 1,75 mm +\/- 0,03 mm\r\n\r\n\r\nKompatibel med AMS og AMS lite\r\nSkal t\u00f8res f\u00f8r brug<\/span><\/pre>\n","protected":false},"excerpt":{"rendered":"<p>Designet til \u00f8get hastighed Glatte, bl\u00f8de teksturer Klar til udend\u00f8rs brug Diameter: 1,75 mm +\/- 0,03 mm Kompatibel med AMS og AMS lite Skal t\u00f8res f\u00f8r brug<\/p>\n","protected":false},"featured_media":259,"template":"","meta":[],"product_brand":[18],"product_cat":[22],"product_tag":[],"class_list":{"0":"post-353","1":"product","2":"type-product","3":"status-publish","4":"has-post-thumbnail","6":"product_brand-bambulab","7":"product_cat-pteg-hf-spole","9":"first","10":"instock","11":"taxable","12":"shipping-taxable","13":"purchasable","14":"product-type-simple"},"yoast_head":"<!-- This site is optimized with the Yoast SEO plugin v27.1.1 - https:\/\/yoast.com\/product\/yoast-seo-wordpress\/ -->\n<title>Pteg hf R\u00f8d - 3IM<\/title>\n<meta name=\"description\" content=\"Nem at printe med Glat overfladefinish Diameter: 1,75 mm +\/- 0,03 mm AMS &amp; AMS lite kompatibel\" \/>\n<meta name=\"robots\" content=\"index, follow, max-snippet:-1, max-image-preview:large, max-video-preview:-1\" \/>\n<link rel=\"canonical\" href=\"https:\/\/3im.dk\/index.php\/vare\/pteg-hf-roed\/\" \/>\n<meta property=\"og:locale\" content=\"da_DK\" \/>\n<meta property=\"og:type\" content=\"article\" \/>\n<meta property=\"og:title\" content=\"Pteg hf R\u00f8d - 3IM\" \/>\n<meta property=\"og:description\" content=\"Nem at printe med Glat overfladefinish Diameter: 1,75 mm +\/- 0,03 mm AMS &amp; AMS lite kompatibel\" \/>\n<meta property=\"og:url\" content=\"https:\/\/3im.dk\/index.php\/vare\/pteg-hf-roed\/\" \/>\n<meta property=\"og:site_name\" content=\"3IM\" \/>\n<meta property=\"article:modified_time\" content=\"2025-12-01T16:37:30+00:00\" \/>\n<meta property=\"og:image\" content=\"https:\/\/3im.dk\/wp-content\/uploads\/2025\/08\/PETG_HF_roed.webp\" \/>\n\t<meta property=\"og:image:width\" content=\"600\" \/>\n\t<meta property=\"og:image:height\" content=\"600\" \/>\n\t<meta property=\"og:image:type\" content=\"image\/webp\" \/>\n<meta name=\"twitter:card\" content=\"summary_large_image\" \/>\n<meta name=\"twitter:label1\" content=\"Estimeret l\u00e6setid\" \/>\n\t<meta name=\"twitter:data1\" content=\"1 minut\" \/>\n<script type=\"application\/ld+json\" class=\"yoast-schema-graph\">{\"@context\":\"https:\/\/schema.org\",\"@graph\":[{\"@type\":\"WebPage\",\"@id\":\"https:\/\/3im.dk\/index.php\/vare\/pteg-hf-roed\/\",\"url\":\"https:\/\/3im.dk\/index.php\/vare\/pteg-hf-roed\/\",\"name\":\"Pteg hf R\u00f8d - 3IM\",\"isPartOf\":{\"@id\":\"https:\/\/3im.dk\/#website\"},\"primaryImageOfPage\":{\"@id\":\"https:\/\/3im.dk\/index.php\/vare\/pteg-hf-roed\/#primaryimage\"},\"image\":{\"@id\":\"https:\/\/3im.dk\/index.php\/vare\/pteg-hf-roed\/#primaryimage\"},\"thumbnailUrl\":\"https:\/\/3im.dk\/wp-content\/uploads\/2025\/08\/PETG_HF_roed.webp\",\"datePublished\":\"2025-12-01T16:29:57+00:00\",\"dateModified\":\"2025-12-01T16:37:30+00:00\",\"description\":\"Nem at printe med Glat overfladefinish Diameter: 1,75 mm +\/- 0,03 mm AMS & AMS lite kompatibel\",\"breadcrumb\":{\"@id\":\"https:\/\/3im.dk\/index.php\/vare\/pteg-hf-roed\/#breadcrumb\"},\"inLanguage\":\"da-DK\",\"potentialAction\":[{\"@type\":\"ReadAction\",\"target\":[\"https:\/\/3im.dk\/index.php\/vare\/pteg-hf-roed\/\"]}]},{\"@type\":\"ImageObject\",\"inLanguage\":\"da-DK\",\"@id\":\"https:\/\/3im.dk\/index.php\/vare\/pteg-hf-roed\/#primaryimage\",\"url\":\"https:\/\/3im.dk\/wp-content\/uploads\/2025\/08\/PETG_HF_roed.webp\",\"contentUrl\":\"https:\/\/3im.dk\/wp-content\/uploads\/2025\/08\/PETG_HF_roed.webp\",\"width\":600,\"height\":600},{\"@type\":\"BreadcrumbList\",\"@id\":\"https:\/\/3im.dk\/index.php\/vare\/pteg-hf-roed\/#breadcrumb\",\"itemListElement\":[{\"@type\":\"ListItem\",\"position\":1,\"name\":\"Hjem\",\"item\":\"https:\/\/3im.dk\/\"},{\"@type\":\"ListItem\",\"position\":2,\"name\":\"WebShop\",\"item\":\"https:\/\/3im.dk\/\"},{\"@type\":\"ListItem\",\"position\":3,\"name\":\"Pteg hf R\u00f8d\"}]},{\"@type\":\"WebSite\",\"@id\":\"https:\/\/3im.dk\/#website\",\"url\":\"https:\/\/3im.dk\/\",\"name\":\"3IM\",\"description\":\"Cvr. 30676483\",\"publisher\":{\"@id\":\"https:\/\/3im.dk\/#organization\"},\"potentialAction\":[{\"@type\":\"SearchAction\",\"target\":{\"@type\":\"EntryPoint\",\"urlTemplate\":\"https:\/\/3im.dk\/?s={search_term_string}\"},\"query-input\":{\"@type\":\"PropertyValueSpecification\",\"valueRequired\":true,\"valueName\":\"search_term_string\"}}],\"inLanguage\":\"da-DK\"},{\"@type\":\"Organization\",\"@id\":\"https:\/\/3im.dk\/#organization\",\"name\":\"3IM\",\"url\":\"https:\/\/3im.dk\/\",\"logo\":{\"@type\":\"ImageObject\",\"inLanguage\":\"da-DK\",\"@id\":\"https:\/\/3im.dk\/#\/schema\/logo\/image\/\",\"url\":\"https:\/\/3im.dk\/wp-content\/uploads\/2025\/07\/3IM-ok-1-scaled.jpg\",\"contentUrl\":\"https:\/\/3im.dk\/wp-content\/uploads\/2025\/07\/3IM-ok-1-scaled.jpg\",\"width\":2560,\"height\":980,\"caption\":\"3IM\"},\"image\":{\"@id\":\"https:\/\/3im.dk\/#\/schema\/logo\/image\/\"}}]}<\/script>\n<!-- \/ Yoast SEO plugin. -->","yoast_head_json":{"title":"Pteg hf R\u00f8d - 3IM","description":"Nem at printe med Glat overfladefinish Diameter: 1,75 mm +\/- 0,03 mm AMS & AMS lite kompatibel","robots":{"index":"index","follow":"follow","max-snippet":"max-snippet:-1","max-image-preview":"max-image-preview:large","max-video-preview":"max-video-preview:-1"},"canonical":"https:\/\/3im.dk\/index.php\/vare\/pteg-hf-roed\/","og_locale":"da_DK","og_type":"article","og_title":"Pteg hf R\u00f8d - 3IM","og_description":"Nem at printe med Glat overfladefinish Diameter: 1,75 mm +\/- 0,03 mm AMS & AMS lite kompatibel","og_url":"https:\/\/3im.dk\/index.php\/vare\/pteg-hf-roed\/","og_site_name":"3IM","article_modified_time":"2025-12-01T16:37:30+00:00","og_image":[{"width":600,"height":600,"url":"https:\/\/3im.dk\/wp-content\/uploads\/2025\/08\/PETG_HF_roed.webp","type":"image\/webp"}],"twitter_card":"summary_large_image","twitter_misc":{"Estimeret l\u00e6setid":"1 minut"},"schema":{"@context":"https:\/\/schema.org","@graph":[{"@type":"WebPage","@id":"https:\/\/3im.dk\/index.php\/vare\/pteg-hf-roed\/","url":"https:\/\/3im.dk\/index.php\/vare\/pteg-hf-roed\/","name":"Pteg hf R\u00f8d - 3IM","isPartOf":{"@id":"https:\/\/3im.dk\/#website"},"primaryImageOfPage":{"@id":"https:\/\/3im.dk\/index.php\/vare\/pteg-hf-roed\/#primaryimage"},"image":{"@id":"https:\/\/3im.dk\/index.php\/vare\/pteg-hf-roed\/#primaryimage"},"thumbnailUrl":"https:\/\/3im.dk\/wp-content\/uploads\/2025\/08\/PETG_HF_roed.webp","datePublished":"2025-12-01T16:29:57+00:00","dateModified":"2025-12-01T16:37:30+00:00","description":"Nem at printe med Glat overfladefinish Diameter: 1,75 mm +\/- 0,03 mm AMS & AMS lite kompatibel","breadcrumb":{"@id":"https:\/\/3im.dk\/index.php\/vare\/pteg-hf-roed\/#breadcrumb"},"inLanguage":"da-DK","potentialAction":[{"@type":"ReadAction","target":["https:\/\/3im.dk\/index.php\/vare\/pteg-hf-roed\/"]}]},{"@type":"ImageObject","inLanguage":"da-DK","@id":"https:\/\/3im.dk\/index.php\/vare\/pteg-hf-roed\/#primaryimage","url":"https:\/\/3im.dk\/wp-content\/uploads\/2025\/08\/PETG_HF_roed.webp","contentUrl":"https:\/\/3im.dk\/wp-content\/uploads\/2025\/08\/PETG_HF_roed.webp","width":600,"height":600},{"@type":"BreadcrumbList","@id":"https:\/\/3im.dk\/index.php\/vare\/pteg-hf-roed\/#breadcrumb","itemListElement":[{"@type":"ListItem","position":1,"name":"Hjem","item":"https:\/\/3im.dk\/"},{"@type":"ListItem","position":2,"name":"WebShop","item":"https:\/\/3im.dk\/"},{"@type":"ListItem","position":3,"name":"Pteg hf R\u00f8d"}]},{"@type":"WebSite","@id":"https:\/\/3im.dk\/#website","url":"https:\/\/3im.dk\/","name":"3IM","description":"Cvr. 30676483","publisher":{"@id":"https:\/\/3im.dk\/#organization"},"potentialAction":[{"@type":"SearchAction","target":{"@type":"EntryPoint","urlTemplate":"https:\/\/3im.dk\/?s={search_term_string}"},"query-input":{"@type":"PropertyValueSpecification","valueRequired":true,"valueName":"search_term_string"}}],"inLanguage":"da-DK"},{"@type":"Organization","@id":"https:\/\/3im.dk\/#organization","name":"3IM","url":"https:\/\/3im.dk\/","logo":{"@type":"ImageObject","inLanguage":"da-DK","@id":"https:\/\/3im.dk\/#\/schema\/logo\/image\/","url":"https:\/\/3im.dk\/wp-content\/uploads\/2025\/07\/3IM-ok-1-scaled.jpg","contentUrl":"https:\/\/3im.dk\/wp-content\/uploads\/2025\/07\/3IM-ok-1-scaled.jpg","width":2560,"height":980,"caption":"3IM"},"image":{"@id":"https:\/\/3im.dk\/#\/schema\/logo\/image\/"}}]}},"jetpack_sharing_enabled":true,"_links":{"self":[{"href":"https:\/\/3im.dk\/index.php\/wp-json\/wp\/v2\/product\/353","targetHints":{"allow":["GET"]}}],"collection":[{"href":"https:\/\/3im.dk\/index.php\/wp-json\/wp\/v2\/product"}],"about":[{"href":"https:\/\/3im.dk\/index.php\/wp-json\/wp\/v2\/types\/product"}],"wp:featuredmedia":[{"embeddable":true,"href":"https:\/\/3im.dk\/index.php\/wp-json\/wp\/v2\/media\/259"}],"wp:attachment":[{"href":"https:\/\/3im.dk\/index.php\/wp-json\/wp\/v2\/media?parent=353"}],"wp:term":[{"taxonomy":"product_brand","embeddable":true,"href":"https:\/\/3im.dk\/index.php\/wp-json\/wp\/v2\/product_brand?post=353"},{"taxonomy":"product_cat","embeddable":true,"href":"https:\/\/3im.dk\/index.php\/wp-json\/wp\/v2\/product_cat?post=353"},{"taxonomy":"product_tag","embeddable":true,"href":"https:\/\/3im.dk\/index.php\/wp-json\/wp\/v2\/product_tag?post=353"}],"curies":[{"name":"wp","href":"https:\/\/api.w.org\/{rel}","templated":true}]}}