{"id":119,"date":"2025-08-01T03:19:03","date_gmt":"2025-08-01T03:19:03","guid":{"rendered":"https:\/\/3im.dk\/?page_id=119"},"modified":"2025-08-06T14:49:33","modified_gmt":"2025-08-06T14:49:33","slug":"handelsbetingelser","status":"publish","type":"page","link":"https:\/\/3im.dk\/index.php\/handelsbetingelser\/","title":{"rendered":"Handelsbetingelser"},"content":{"rendered":"\n<p><\/p>\n\n\n\n<p><a><\/a> I tilf\u00e6lde af udsolgte varer, leverandd\u00f8rsvigt eller udskudt leveringstid bestr\u00e6ber&nbsp;3im sig p\u00e5 hurtigst muligt at informere kunden herom. Varen er 3IM`s ejendom ind til det fulde bel\u00f8b er betalt.<\/p>\n\n\n\n<p>Erhvervskunder der har lavet aftale om levering, bestr\u00e6bes at varerne leveres f\u00f8rst kommende hverdag.<\/p>\n\n\n\n<p>Andre kunder kan afhente varerne umiddelbart efter de er bestilt, i tidsrummet 14-18 p\u00e5 hverdage, eller efter aftale, <\/p>\n\n\n\n<ul class=\"wp-block-list\">\n<li>Varerne afhentes:<\/li>\n\n\n\n<li>Bredevej 24<\/li>\n\n\n\n<li>6000 Kolding<\/li>\n<\/ul>\n\n\n\n<h2 class=\"wp-block-heading\"><strong>Prisfejl og Transportskader<\/strong><\/h2>\n\n\n\n<p><br>Hvis en pris \u00e5benlyst er beh\u00e6ftet med fejl, og kunden rimeligvis burde havde indset dette, er&nbsp;vi ikke forpligtet til at levere det p\u00e5g\u00e6ldende produkt til den forkerte pris.<\/p>\n\n\n\n<p><a><\/a> I tilf\u00e6lde af synlige fragtskader skal der reklameres samme dag, som varen modtages. For skjulte skader, skal der reklameres indenfor 5 arbejdsdage efter, at varen er modtaget. Reklameres der ikke indenfor ovenst\u00e5ende tidsfrister, kan reklamationen afvises. Reklamationer om fragtskader kan ogs\u00e5 afvises hvis varens emballage, og\/eller forsendelsens indpakning, er bortskaffet inden&nbsp;3IM kontaktes.<\/p>\n\n\n\n<h2 class=\"wp-block-heading\">Erhvervsk\u00f8b<\/h2>\n\n\n\n<p><a><\/a> Hvis der p\u00e5 din ordre er oplyst et CVR-nummer, eller der fremg\u00e5r en virksomheds navn af faktureringsadressen, anses du for at v\u00e6re en erhvervskunde.<\/p>\n\n\n\n<p><a><\/a> Der er en formodning for, at en ordre er B2B, og derfor ikke betragtes som forbrugerk\u00f8b, hvis der st\u00e5r et firmanavn i faktureringsadressen.<\/p>\n\n\n\n<p><a><\/a> For erhvervskunder g\u00e6lder f\u00f8lgende s\u00e6rlige betingelser:<\/p>\n\n\n\n<ul class=\"wp-block-list\">\n<li> Ingen fortrydelsesret<\/li>\n\n\n\n<li> 12 m\u00e5neders reklamationsret<\/li>\n\n\n\n<li> Fragt i forbindelse med reklamationssager sker p\u00e5 egen regning<\/li>\n<\/ul>\n\n\n\n<h2 class=\"wp-block-heading\"><strong>Ingen fortrydelsesret:<\/strong><\/h2>\n\n\n\n<p><br>Disse aftaler kan ikke fortrydes:<\/p>\n\n\n\n<ul class=\"wp-block-list\">\n<li> Levering af varer, som er fremstillet efter dine specifikationer eller har f\u00e5et et tydeligt personligt pr\u00e6g.<\/li>\n\n\n\n<li> Levering af varer, som m\u00e5 antages at blive forringet eller for\u00e6ldet hurtigt.<\/li>\n\n\n\n<li> Levering af forseglede varer, der under vare der tager skade eller bliver forringet ved brudt emballage.<\/li>\n\n\n\n<li> K\u00f8b foretaget som erhvervsdrivende.<\/li>\n<\/ul>\n\n\n\n<h2 class=\"wp-block-heading\">Reklamationsret<\/h2>\n\n\n\n<p>N\u00e5r du handler hos os som forbruger, g\u00e6lder k\u00f8belovens regler for varek\u00f8b. Det betyder, at du har reklamationsret i 24 m\u00e5neder.<br><br>Du bedes oprette en reklamationssag eller kontakte os, inden du retunere varen. Hvis din reklamation er berettiget, betyder det, at du enten kan f\u00e5 varen repareret, ombyttet, pengene tilbage eller et afslag i prisen, afh\u00e6ngig af den konkrete situation.<\/p>\n\n\n\n<h2 class=\"wp-block-heading\">Klageadgang<\/h2>\n\n\n\n<p><a><\/a>Hvis du som forbruger vil klage over dit k\u00f8b, skal du kontakte 3IM@3IM.dk. Hvis det ikke lykkes os at finde en l\u00f8sning, kan en klage over en vare eller tjenesteydelse indgives til:<br><br>N\u00e6vnenes Hus<br>M\u00e6glingsteamet for Forbrugerklager<br>Toldboden 2<br>8800 Viborg<br>&#8211;&nbsp;via Klageportalen for N\u00e6vnenes Hus:&nbsp;<a href=\"http:\/\/www.naevneneshus.dk\/\">www.naevneneshus.dk<\/a><\/p>\n\n\n\n<p id=\"block-a046a80f-23cd-43b1-bdc5-48b38ef0335e\">M\u00e6glingsteamet vil fors\u00f8ge at l\u00f8se tvisten ved m\u00e6gling, og hvis det ikke lykkes at finde en l\u00f8sning, kan du indbringe klagen for Forbrugerklagen\u00e6vnet.&nbsp;Det er som udgangspunkt en foruds\u00e6tning for at klage, at varen eller ydelsen, som du vil klage over, har kostet mindst 1.220 kr. og h\u00f8jst 100.000 kr. Du skal betale et gebyr for at f\u00e5 klagen behandlet.<\/p>\n\n\n\n<p><\/p>\n","protected":false},"excerpt":{"rendered":"<p>I tilf\u00e6lde af udsolgte varer, leverandd\u00f8rsvigt eller udskudt leveringstid bestr\u00e6ber&nbsp;3im sig p\u00e5 hurtigst muligt at informere kunden herom. Varen er 3IM`s ejendom ind til det fulde bel\u00f8b er betalt. Erhvervskunder der har lavet aftale om levering, bestr\u00e6bes at varerne leveres f\u00f8rst kommende hverdag. Andre kunder kan afhente varerne umiddelbart efter de er bestilt, i tidsrummet [&hellip;]<\/p>\n","protected":false},"author":1,"featured_media":0,"parent":0,"menu_order":0,"comment_status":"closed","ping_status":"closed","template":"","meta":{"footnotes":""},"class_list":["post-119","page","type-page","status-publish","hentry"],"yoast_head":"<!-- This site is optimized with the Yoast SEO plugin v27.1.1 - https:\/\/yoast.com\/product\/yoast-seo-wordpress\/ -->\n<title>Handelsbetingelser - 3IM<\/title>\n<meta name=\"robots\" content=\"index, follow, max-snippet:-1, max-image-preview:large, max-video-preview:-1\" \/>\n<link rel=\"canonical\" href=\"https:\/\/3im.dk\/index.php\/handelsbetingelser\/\" \/>\n<meta property=\"og:locale\" content=\"da_DK\" \/>\n<meta property=\"og:type\" content=\"article\" \/>\n<meta property=\"og:title\" content=\"Handelsbetingelser - 3IM\" \/>\n<meta property=\"og:description\" content=\"I tilf\u00e6lde af udsolgte varer, leverandd\u00f8rsvigt eller udskudt leveringstid bestr\u00e6ber&nbsp;3im sig p\u00e5 hurtigst muligt at informere kunden herom. Varen er 3IM`s ejendom ind til det fulde bel\u00f8b er betalt. Erhvervskunder der har lavet aftale om levering, bestr\u00e6bes at varerne leveres f\u00f8rst kommende hverdag. Andre kunder kan afhente varerne umiddelbart efter de er bestilt, i tidsrummet [&hellip;]\" \/>\n<meta property=\"og:url\" content=\"https:\/\/3im.dk\/index.php\/handelsbetingelser\/\" \/>\n<meta property=\"og:site_name\" content=\"3IM\" \/>\n<meta property=\"article:modified_time\" content=\"2025-08-06T14:49:33+00:00\" \/>\n<meta name=\"twitter:card\" content=\"summary_large_image\" \/>\n<meta name=\"twitter:label1\" content=\"Estimeret l\u00e6setid\" \/>\n\t<meta name=\"twitter:data1\" content=\"3 minutter\" \/>\n<script type=\"application\/ld+json\" class=\"yoast-schema-graph\">{\"@context\":\"https:\/\/schema.org\",\"@graph\":[{\"@type\":\"WebPage\",\"@id\":\"https:\/\/3im.dk\/index.php\/handelsbetingelser\/\",\"url\":\"https:\/\/3im.dk\/index.php\/handelsbetingelser\/\",\"name\":\"Handelsbetingelser - 3IM\",\"isPartOf\":{\"@id\":\"https:\/\/3im.dk\/#website\"},\"datePublished\":\"2025-08-01T03:19:03+00:00\",\"dateModified\":\"2025-08-06T14:49:33+00:00\",\"breadcrumb\":{\"@id\":\"https:\/\/3im.dk\/index.php\/handelsbetingelser\/#breadcrumb\"},\"inLanguage\":\"da-DK\",\"potentialAction\":[{\"@type\":\"ReadAction\",\"target\":[\"https:\/\/3im.dk\/index.php\/handelsbetingelser\/\"]}]},{\"@type\":\"BreadcrumbList\",\"@id\":\"https:\/\/3im.dk\/index.php\/handelsbetingelser\/#breadcrumb\",\"itemListElement\":[{\"@type\":\"ListItem\",\"position\":1,\"name\":\"Hjem\",\"item\":\"https:\/\/3im.dk\/\"},{\"@type\":\"ListItem\",\"position\":2,\"name\":\"Handelsbetingelser\"}]},{\"@type\":\"WebSite\",\"@id\":\"https:\/\/3im.dk\/#website\",\"url\":\"https:\/\/3im.dk\/\",\"name\":\"3IM\",\"description\":\"Cvr. 30676483\",\"publisher\":{\"@id\":\"https:\/\/3im.dk\/#organization\"},\"potentialAction\":[{\"@type\":\"SearchAction\",\"target\":{\"@type\":\"EntryPoint\",\"urlTemplate\":\"https:\/\/3im.dk\/?s={search_term_string}\"},\"query-input\":{\"@type\":\"PropertyValueSpecification\",\"valueRequired\":true,\"valueName\":\"search_term_string\"}}],\"inLanguage\":\"da-DK\"},{\"@type\":\"Organization\",\"@id\":\"https:\/\/3im.dk\/#organization\",\"name\":\"3IM\",\"url\":\"https:\/\/3im.dk\/\",\"logo\":{\"@type\":\"ImageObject\",\"inLanguage\":\"da-DK\",\"@id\":\"https:\/\/3im.dk\/#\/schema\/logo\/image\/\",\"url\":\"https:\/\/3im.dk\/wp-content\/uploads\/2025\/07\/3IM-ok-1-scaled.jpg\",\"contentUrl\":\"https:\/\/3im.dk\/wp-content\/uploads\/2025\/07\/3IM-ok-1-scaled.jpg\",\"width\":2560,\"height\":980,\"caption\":\"3IM\"},\"image\":{\"@id\":\"https:\/\/3im.dk\/#\/schema\/logo\/image\/\"}}]}<\/script>\n<!-- \/ Yoast SEO plugin. -->","yoast_head_json":{"title":"Handelsbetingelser - 3IM","robots":{"index":"index","follow":"follow","max-snippet":"max-snippet:-1","max-image-preview":"max-image-preview:large","max-video-preview":"max-video-preview:-1"},"canonical":"https:\/\/3im.dk\/index.php\/handelsbetingelser\/","og_locale":"da_DK","og_type":"article","og_title":"Handelsbetingelser - 3IM","og_description":"I tilf\u00e6lde af udsolgte varer, leverandd\u00f8rsvigt eller udskudt leveringstid bestr\u00e6ber&nbsp;3im sig p\u00e5 hurtigst muligt at informere kunden herom. Varen er 3IM`s ejendom ind til det fulde bel\u00f8b er betalt. Erhvervskunder der har lavet aftale om levering, bestr\u00e6bes at varerne leveres f\u00f8rst kommende hverdag. Andre kunder kan afhente varerne umiddelbart efter de er bestilt, i tidsrummet [&hellip;]","og_url":"https:\/\/3im.dk\/index.php\/handelsbetingelser\/","og_site_name":"3IM","article_modified_time":"2025-08-06T14:49:33+00:00","twitter_card":"summary_large_image","twitter_misc":{"Estimeret l\u00e6setid":"3 minutter"},"schema":{"@context":"https:\/\/schema.org","@graph":[{"@type":"WebPage","@id":"https:\/\/3im.dk\/index.php\/handelsbetingelser\/","url":"https:\/\/3im.dk\/index.php\/handelsbetingelser\/","name":"Handelsbetingelser - 3IM","isPartOf":{"@id":"https:\/\/3im.dk\/#website"},"datePublished":"2025-08-01T03:19:03+00:00","dateModified":"2025-08-06T14:49:33+00:00","breadcrumb":{"@id":"https:\/\/3im.dk\/index.php\/handelsbetingelser\/#breadcrumb"},"inLanguage":"da-DK","potentialAction":[{"@type":"ReadAction","target":["https:\/\/3im.dk\/index.php\/handelsbetingelser\/"]}]},{"@type":"BreadcrumbList","@id":"https:\/\/3im.dk\/index.php\/handelsbetingelser\/#breadcrumb","itemListElement":[{"@type":"ListItem","position":1,"name":"Hjem","item":"https:\/\/3im.dk\/"},{"@type":"ListItem","position":2,"name":"Handelsbetingelser"}]},{"@type":"WebSite","@id":"https:\/\/3im.dk\/#website","url":"https:\/\/3im.dk\/","name":"3IM","description":"Cvr. 30676483","publisher":{"@id":"https:\/\/3im.dk\/#organization"},"potentialAction":[{"@type":"SearchAction","target":{"@type":"EntryPoint","urlTemplate":"https:\/\/3im.dk\/?s={search_term_string}"},"query-input":{"@type":"PropertyValueSpecification","valueRequired":true,"valueName":"search_term_string"}}],"inLanguage":"da-DK"},{"@type":"Organization","@id":"https:\/\/3im.dk\/#organization","name":"3IM","url":"https:\/\/3im.dk\/","logo":{"@type":"ImageObject","inLanguage":"da-DK","@id":"https:\/\/3im.dk\/#\/schema\/logo\/image\/","url":"https:\/\/3im.dk\/wp-content\/uploads\/2025\/07\/3IM-ok-1-scaled.jpg","contentUrl":"https:\/\/3im.dk\/wp-content\/uploads\/2025\/07\/3IM-ok-1-scaled.jpg","width":2560,"height":980,"caption":"3IM"},"image":{"@id":"https:\/\/3im.dk\/#\/schema\/logo\/image\/"}}]}},"jetpack_sharing_enabled":true,"_links":{"self":[{"href":"https:\/\/3im.dk\/index.php\/wp-json\/wp\/v2\/pages\/119","targetHints":{"allow":["GET"]}}],"collection":[{"href":"https:\/\/3im.dk\/index.php\/wp-json\/wp\/v2\/pages"}],"about":[{"href":"https:\/\/3im.dk\/index.php\/wp-json\/wp\/v2\/types\/page"}],"author":[{"embeddable":true,"href":"https:\/\/3im.dk\/index.php\/wp-json\/wp\/v2\/users\/1"}],"replies":[{"embeddable":true,"href":"https:\/\/3im.dk\/index.php\/wp-json\/wp\/v2\/comments?post=119"}],"version-history":[{"count":12,"href":"https:\/\/3im.dk\/index.php\/wp-json\/wp\/v2\/pages\/119\/revisions"}],"predecessor-version":[{"id":198,"href":"https:\/\/3im.dk\/index.php\/wp-json\/wp\/v2\/pages\/119\/revisions\/198"}],"wp:attachment":[{"href":"https:\/\/3im.dk\/index.php\/wp-json\/wp\/v2\/media?parent=119"}],"curies":[{"name":"wp","href":"https:\/\/api.w.org\/{rel}","templated":true}]}}